{"id":1263,"date":"2021-04-21T09:01:05","date_gmt":"2021-04-21T09:01:05","guid":{"rendered":"https:\/\/montsearbelojosebafranco.net\/art\/?page_id=1263"},"modified":"2021-04-21T09:24:30","modified_gmt":"2021-04-21T09:24:30","slug":"body-in","status":"publish","type":"page","link":"https:\/\/montsearbelojosebafranco.net\/art\/body-in\/","title":{"rendered":"Cuerpo inArte"},"content":{"rendered":"<h3><img decoding=\"async\" loading=\"lazy\" class=\"aligncenter wp-image-98\" src=\"http:\/\/montsearbelojosebafranco.net\/art\/wp-content\/uploads\/2014\/04\/HUMAN-NW_MontseArbeloJosebaFranco_photo3-620x434.jpg\" alt=\"HUMAN-NW_MontseArbeloJosebaFranco_hnw3\" width=\"997\" height=\"698\" srcset=\"https:\/\/montsearbelojosebafranco.net\/art\/wp-content\/uploads\/2014\/04\/HUMAN-NW_MontseArbeloJosebaFranco_photo3-620x434.jpg 620w, https:\/\/montsearbelojosebafranco.net\/art\/wp-content\/uploads\/2014\/04\/HUMAN-NW_MontseArbeloJosebaFranco_photo3-648x453.jpg 648w, https:\/\/montsearbelojosebafranco.net\/art\/wp-content\/uploads\/2014\/04\/HUMAN-NW_MontseArbeloJosebaFranco_photo3-700x490.jpg 700w, https:\/\/montsearbelojosebafranco.net\/art\/wp-content\/uploads\/2014\/04\/HUMAN-NW_MontseArbeloJosebaFranco_photo3-628x439.jpg 628w, https:\/\/montsearbelojosebafranco.net\/art\/wp-content\/uploads\/2014\/04\/HUMAN-NW_MontseArbeloJosebaFranco_photo3-740x518.jpg 740w\" sizes=\"auto, (max-width: 997px) 100vw, 997px\" \/><\/h3>\n<p align=\"JUSTIFY\"><span style=\"color: #000000;\"><span style=\"font-family: Verdana, sans-serif;\"><span style=\"font-size: small;\"><span style=\"font-family: Verdana,sans-serif;\"><b>CUERPO INARTE \/ BODY IN ART.<\/b><\/span>\u00a0<\/span><\/span>Pensamiento y acci\u00f3n. Los conceptos sustentadores de la humanidad giran a nuestro alrededor imposibles de ser fijados. Por m\u00e1s que intentamos completar el puzzle de nuestra existencia, la transustanciaci\u00f3n de la realidad impide que la verdad de las cosas se alce ante nosotros n\u00edtidamente. A pesar de la transversalidad de los conocimientos, con el pensamiento \u00fanico y la defensa agresiva de nuestras posiciones, hemos construido una Historia llena de desigualdades e injusticias. La ciencia y la t\u00e9cnica, al servicio del arte, posibilitan pensar en un CUERPO INARTE, nacido de la fusi\u00f3n de lo femenino y masculino que nos permita idear alternativas a lo que nos ha sido dado.<\/span><\/p>\n<p align=\"JUSTIFY\"><span style=\"color: #000000;\">Creaci\u00f3n y destrucci\u00f3n, son los motores de la civilizaci\u00f3n?<\/span><\/p>\n<p align=\"JUSTIFY\"><span style=\"color: #000000;\">Es necesario destruir para crear?<\/span><\/p>\n<p align=\"JUSTIFY\"><span style=\"color: #000000;\">El ser humano ha desarrollado la t\u00e9cnica, la ciencia, el arte, que mejoran nuestra calidad de vida, pero tambi\u00e9n los instrumentos que pueden provocar la autodestrucci\u00f3n.<\/span><\/p>\n<p align=\"JUSTIFY\"><span style=\"color: #000000;\">Las guerras son el m\u00e1ximo exponente de nuestra capacidad destructiva y esta loca carrera parece no tener fin (la actualidad nos trae noticias poco esperanzadoras: Oriente Medio, Irak, terrorismo &#8230;). Han sido y son una constante a lo largo de la Historia. Espejo en el que nos podemos mirar sin adornos y contemplar la enorme capacidad que poseemos para degradar cuanto tocamos.<\/span><\/p>\n<p align=\"JUSTIFY\"><span style=\"color: #000000;\">En el siglo XX tenemos una lecci\u00f3n ampliamente ilustrativa.<\/span><\/p>\n<p align=\"JUSTIFY\"><span style=\"color: #000000;\">Hemos dejado al cuerpo humano INERTE<\/span><\/p>\n<p align=\"JUSTIFY\"><span style=\"color: #000000;\">Si somos los causantes de tanta destrucci\u00f3n, la Ciencia y la T\u00e9cnica, al servicio del Arte, nos posibilita pensar en un ser, un cuerpo INARTE, que nazca de la fusi\u00f3n de lo masculino y femenino con nuevos paradigmas que nos permitan idear alternativas a la guerra.<\/span><\/p>\n<p align=\"JUSTIFY\"><span style=\"color: #000000;\">Destruir para crear? No, crear para crear m\u00e1s!<\/span><\/p>\n<p align=\"JUSTIFY\"><span style=\"color: #000000;\">Como artistas, no queremos plasmar un trabajo p\u00faramente estil\u00edstico o est\u00e9tico con el que el espectador cumpla exclusivamente con su papel de consumidor pasivo (no nos gusta el ejemplo que la guerra en la ex Yugoslavia nos ofreci\u00f3: mientras un pueblo era bombardeado, sus vecinos contemplaban el espect\u00e1culo desde bares y terrazas).<\/span><\/p>\n<p align=\"JUSTIFY\"><span style=\"color: #000000;\">Instalaci\u00f3n audiovisual: 5 dvd-v\u00eddeo 20\u00b4cada uno, sobre 12 pantallas de 5 x 4 metros. Esculturas, e infografias con t\u00e9cnica mixta sobre papel fotogr\u00e1fico.<\/span><\/p>\n<p align=\"JUSTIFY\"><span style=\"color: #000000;\">Lugar: Tanque de petr\u00f3leo vac\u00edo de 50 m de di\u00e1metro situado en el coraz\u00f3n de la ciudad de Santa Cruz de Tenerife<\/span><\/p>\n<p style=\"margin-bottom: 0cm;\" align=\"JUSTIFY\"><span style=\"font-family: Verdana, sans-serif; color: #000000;\"><span style=\"font-size: small;\"><br \/>\n<\/span><\/span><\/p>\n","protected":false},"excerpt":{"rendered":"<p>CUERPO INARTE \/ BODY IN ART.\u00a0Pensamiento y acci\u00f3n. Los conceptos sustentadores de la humanidad giran a nuestro alrededor imposibles de ser fijados. Por m\u00e1s que intentamos completar el puzzle de nuestra existencia, la transustanciaci\u00f3n de la realidad impide que la &hellip; <a href=\"https:\/\/montsearbelojosebafranco.net\/art\/body-in\/\">Continuar<\/a><\/p>\n","protected":false},"author":1,"featured_media":0,"parent":0,"menu_order":0,"comment_status":"closed","ping_status":"closed","template":"","meta":{"nf_dc_page":"","footnotes":""},"class_list":["post-1263","page","type-page","status-publish","hentry"],"_links":{"self":[{"href":"https:\/\/montsearbelojosebafranco.net\/art\/wp-json\/wp\/v2\/pages\/1263","targetHints":{"allow":["GET"]}}],"collection":[{"href":"https:\/\/montsearbelojosebafranco.net\/art\/wp-json\/wp\/v2\/pages"}],"about":[{"href":"https:\/\/montsearbelojosebafranco.net\/art\/wp-json\/wp\/v2\/types\/page"}],"author":[{"embeddable":true,"href":"https:\/\/montsearbelojosebafranco.net\/art\/wp-json\/wp\/v2\/users\/1"}],"replies":[{"embeddable":true,"href":"https:\/\/montsearbelojosebafranco.net\/art\/wp-json\/wp\/v2\/comments?post=1263"}],"version-history":[{"count":7,"href":"https:\/\/montsearbelojosebafranco.net\/art\/wp-json\/wp\/v2\/pages\/1263\/revisions"}],"predecessor-version":[{"id":1272,"href":"https:\/\/montsearbelojosebafranco.net\/art\/wp-json\/wp\/v2\/pages\/1263\/revisions\/1272"}],"wp:attachment":[{"href":"https:\/\/montsearbelojosebafranco.net\/art\/wp-json\/wp\/v2\/media?parent=1263"}],"curies":[{"name":"wp","href":"https:\/\/api.w.org\/{rel}","templated":true}]}}