{"id":145,"date":"2014-04-05T10:09:49","date_gmt":"2014-04-05T10:09:49","guid":{"rendered":"http:\/\/montsearbelojosebafranco.net\/art\/?page_id=145"},"modified":"2026-03-25T20:00:07","modified_gmt":"2026-03-25T20:00:07","slug":"emerging","status":"publish","type":"page","link":"https:\/\/montsearbelojosebafranco.net\/art\/emerging\/","title":{"rendered":"emerging"},"content":{"rendered":"<p style=\"margin-bottom: 0cm;\" align=\"JUSTIFY\"><span style=\"font-family: Verdana,sans-serif; color: #000000;\"><span style=\"font-size: small;\"><b>EMERGING<\/b><strong> COUNTRIES.<\/strong> Estimulados por las continuas referencias a los pa\u00edses Brasil, Rusia, India y China por parte de pol\u00edticos, economistas y medios de comunicaci\u00f3n [el economista brit\u00e1nico Jim O\u2019Neill, acu\u00f1\u00f3 B.R.I. C. a principios de la d\u00e9cada pasada este t\u00e9rmino para denominar al principal grupo de pa\u00edses emergentes y cuya finalidad no era otra que definir los Estados donde los clientes de Goldman Sachs pod\u00edan invertir con buenas expectativas de beneficios a futuro], iniciamos este nuevo proyecto\/viaje, continuaci\u00f3n de N\u00d3MADAS: Oriente-Occidente, con el objetivo de contrastar esta visi\u00f3n puramente mercantilista explorando en sus respectivas sociedades posibles afinidades culturales y creativas. Es un contenedor innovador de experiencias globales en el que participan artistas y agentes culturales, cient\u00edficos y tecnol\u00f3gicos. Atentos a la configuraci\u00f3n y evoluci\u00f3n de la Sociedad Global en Red, caminamos por un mundo lleno de contradicciones compartiendo y asimilando culturas, aprendiendo en las calles la biodiversidad humana. En este viaje\/camino, lleno de contradicciones y diferencias en el que compartimos conocimiento, registramos la cotidianidad de las m\u00faltiples facetas de la vida cultural, pol\u00edtica y econ\u00f3mica, intentando comprender y relacionar la multiplicidad de historias que se abren a nuestro paso.<\/span><\/span><\/p>\n<p>&nbsp;<\/p>\n","protected":false},"excerpt":{"rendered":"<p>EMERGING COUNTRIES. Estimulados por las continuas referencias a los pa\u00edses Brasil, Rusia, India y China por parte de pol\u00edticos, economistas y medios de comunicaci\u00f3n [el economista brit\u00e1nico Jim O\u2019Neill, acu\u00f1\u00f3 B.R.I. C. a principios de la d\u00e9cada pasada este t\u00e9rmino &hellip; <a href=\"https:\/\/montsearbelojosebafranco.net\/art\/emerging\/\">Continuar<\/a><\/p>\n","protected":false},"author":1,"featured_media":0,"parent":0,"menu_order":0,"comment_status":"closed","ping_status":"closed","template":"page-fullwidth.php","meta":{"nf_dc_page":"","footnotes":""},"class_list":["post-145","page","type-page","status-publish","hentry"],"_links":{"self":[{"href":"https:\/\/montsearbelojosebafranco.net\/art\/wp-json\/wp\/v2\/pages\/145","targetHints":{"allow":["GET"]}}],"collection":[{"href":"https:\/\/montsearbelojosebafranco.net\/art\/wp-json\/wp\/v2\/pages"}],"about":[{"href":"https:\/\/montsearbelojosebafranco.net\/art\/wp-json\/wp\/v2\/types\/page"}],"author":[{"embeddable":true,"href":"https:\/\/montsearbelojosebafranco.net\/art\/wp-json\/wp\/v2\/users\/1"}],"replies":[{"embeddable":true,"href":"https:\/\/montsearbelojosebafranco.net\/art\/wp-json\/wp\/v2\/comments?post=145"}],"version-history":[{"count":48,"href":"https:\/\/montsearbelojosebafranco.net\/art\/wp-json\/wp\/v2\/pages\/145\/revisions"}],"predecessor-version":[{"id":1863,"href":"https:\/\/montsearbelojosebafranco.net\/art\/wp-json\/wp\/v2\/pages\/145\/revisions\/1863"}],"wp:attachment":[{"href":"https:\/\/montsearbelojosebafranco.net\/art\/wp-json\/wp\/v2\/media?parent=145"}],"curies":[{"name":"wp","href":"https:\/\/api.w.org\/{rel}","templated":true}]}}