{"id":149,"date":"2014-04-05T10:11:52","date_gmt":"2014-04-05T10:11:52","guid":{"rendered":"http:\/\/montsearbelojosebafranco.net\/art\/?page_id=149"},"modified":"2025-09-14T18:10:21","modified_gmt":"2025-09-14T18:10:21","slug":"360-2","status":"publish","type":"page","link":"https:\/\/montsearbelojosebafranco.net\/art\/360-2\/","title":{"rendered":"360 \u00ba"},"content":{"rendered":"<h3><img decoding=\"async\" loading=\"lazy\" class=\" wp-image-1129 aligncenter\" src=\"http:\/\/montsearbelojosebafranco.net\/art\/wp-content\/uploads\/2014\/04\/G.jpg\" alt=\"G\" width=\"530\" height=\"500\" \/><\/h3>\n<p style=\"margin-bottom: 0cm;\" align=\"JUSTIFY\"><span style=\"color: #000000;\"><span style=\"font-family: Verdana,sans-serif;\"><span style=\"font-size: small;\"> <b>NOMA.NET 360 GRADOS<\/b><\/span><\/span><\/span><span style=\"font-family: Verdana,sans-serif; color: #000000;\"><span style=\"font-size: small;\"><strong>.<\/strong> El largo, doloroso y brutal, en innumerables ocasiones, proceso de civilizaci\u00f3n humana, nos ha llevado a construir un relato, aparentemente coherente, con el que intentamos explicar nuestra raz\u00f3n de ser y de estar en el mundo. Este lento proceso, ara\u00f1ado al tiempo, nos ha llevado por mil caminos inexplorados, leves surcos y pliegues de nuestra mente, fr\u00e1gil castillo de esperanzas de progreso abiertas por mar, tierra y aire, y ahora por Internet, caminos que denominamos \u201crutas de la humanidad\u201d. Sin embargo, hoy nos hemos quedado sin horizonte, todo est\u00e1 al alcance de un click, el mundo empeque\u00f1ece mientras crecen y se expanden las redes tecnol\u00f3gicas. Las rutas anta\u00f1o peligrosas, hoy no lo son m\u00e1s que cualquiera de nuestras calles. La Gran Urbe Global ha triunfado. El proceso de homogeneizaci\u00f3n del mundo est\u00e1 teniendo lugar, una realidad que est\u00e1 desarroll\u00e1ndose ante nuestros propios ojos. La ruta tecnol\u00f3gica, Internet y telefon\u00eda m\u00f3vil, est\u00e1 construyendo un entramado de comunicaciones, una red cada vez m\u00e1s densa, que tiende a cubrir todas y cada una de las partes del mundo y nuestra propia forma de entender las rutas y del propio viaje, m\u00e1s mental que f\u00edsico, introduciendo nuevos paradigmas que se abren lentamente a nuestra comprensi\u00f3n. Ante este panorama \u2013sustentado en m\u00faltiples realidades culturales, econ\u00f3micas y pol\u00edticas\u2013 iniciamos este camino con el objetivo de mostrar la Gran Urbe Global en su cotidianidad, abrir una ventana por la que podamos ver y ser vistos. En nuestros ojos se refleja la mirada de todos aquellos que no tienen voz, una c\u00e1mara reflexiva atenta a la configuraci\u00f3n de la Sociedad Global en Red. Conocimiento. De m\u00faltiples realidades culturales y econ\u00f3micas globales. Colaboraci\u00f3n con las principales instituciones y organizaciones culturales, cient\u00edficas y tecnol\u00f3gicas del mundo en el desarrollo de este proyecto. Plataforma participativa. Instalaci\u00f3n y exhibici\u00f3n. Como resultado de los viajes se obtienen miles de fotograf\u00edas y m\u00e1s de cien horas de grabaci\u00f3n en v\u00eddeo: realidades sociales, entrevistas&#8230; Este material, editado, es la base para la exhibici\u00f3n en museos de todo el mundo.<\/span><\/span><\/p>\n","protected":false},"excerpt":{"rendered":"<p>NOMA.NET 360 GRADOS. El largo, doloroso y brutal, en innumerables ocasiones, proceso de civilizaci\u00f3n humana, nos ha llevado a construir un relato, aparentemente coherente, con el que intentamos explicar nuestra raz\u00f3n de ser y de estar en el mundo. Este &hellip; <a href=\"https:\/\/montsearbelojosebafranco.net\/art\/360-2\/\">Continuar<\/a><\/p>\n","protected":false},"author":1,"featured_media":0,"parent":0,"menu_order":0,"comment_status":"closed","ping_status":"closed","template":"page-fullwidth.php","meta":{"nf_dc_page":"","footnotes":""},"class_list":["post-149","page","type-page","status-publish","hentry"],"_links":{"self":[{"href":"https:\/\/montsearbelojosebafranco.net\/art\/wp-json\/wp\/v2\/pages\/149","targetHints":{"allow":["GET"]}}],"collection":[{"href":"https:\/\/montsearbelojosebafranco.net\/art\/wp-json\/wp\/v2\/pages"}],"about":[{"href":"https:\/\/montsearbelojosebafranco.net\/art\/wp-json\/wp\/v2\/types\/page"}],"author":[{"embeddable":true,"href":"https:\/\/montsearbelojosebafranco.net\/art\/wp-json\/wp\/v2\/users\/1"}],"replies":[{"embeddable":true,"href":"https:\/\/montsearbelojosebafranco.net\/art\/wp-json\/wp\/v2\/comments?post=149"}],"version-history":[{"count":59,"href":"https:\/\/montsearbelojosebafranco.net\/art\/wp-json\/wp\/v2\/pages\/149\/revisions"}],"predecessor-version":[{"id":320,"href":"https:\/\/montsearbelojosebafranco.net\/art\/wp-json\/wp\/v2\/pages\/149\/revisions\/320"}],"wp:attachment":[{"href":"https:\/\/montsearbelojosebafranco.net\/art\/wp-json\/wp\/v2\/media?parent=149"}],"curies":[{"name":"wp","href":"https:\/\/api.w.org\/{rel}","templated":true}]}}