{"id":175,"date":"2014-04-05T10:26:42","date_gmt":"2014-04-05T10:26:42","guid":{"rendered":"http:\/\/montsearbelojosebafranco.net\/art\/?page_id=175"},"modified":"2025-09-14T18:40:30","modified_gmt":"2025-09-14T18:40:30","slug":"human-world-walking-word","status":"publish","type":"page","link":"https:\/\/montsearbelojosebafranco.net\/art\/360-2\/human-world-walking-word\/","title":{"rendered":"hwww"},"content":{"rendered":"<p><img decoding=\"async\" loading=\"lazy\" class=\"aligncenter wp-image-183\" src=\"http:\/\/montsearbelojosebafranco.net\/art\/wp-content\/uploads\/2014\/04\/instalac-la-castellana.jpg\" alt=\"InstalaciOn\" width=\"733\" height=\"493\" \/><\/p>\n<p style=\"margin-bottom: 0cm;\" align=\"JUSTIFY\"><span style=\"color: #000000;\"><span style=\"font-family: Verdana,sans-serif;\"><span style=\"font-size: small;\"><strong>HUMAN WORLD WALKING WORD.<\/strong> Vientos de cambio. Los viejos paradigmas que sustentaban nuestra vida est\u00e1n vi\u00e9ndose superados principalmente por las aportaciones de la ciencia y la tecnolog\u00eda. Conocemos el mapa gen\u00e9tico, la clonaci\u00f3n es posible, la c\u00e9lulas madre, los implantes, los trasplantes y la expectativas de vida en aumento. El espacio est\u00e1 m\u00e1s pr\u00f3ximo y sus secretos, al alcance de un megatelescopio o de un sat\u00e9lite. El origen del Universo est\u00e1 siendo desvelado. Las TICs e Internet abren posibilidades casi ilimitadas en un mundo abierto, globalizado.<\/span><\/span><\/span><\/p>\n<p style=\"margin-bottom: 0cm;\" align=\"JUSTIFY\"><span style=\"color: #000000;\"><span style=\"font-family: Verdana,sans-serif;\"><span style=\"font-size: small;\">A pesar de todo este derroche de conocimientos, una de las paradojas m\u00e1s notable de estos tiempos, resulta del hecho de que pudiendo comunicarnos con cualquier persona que se encuentre en el lugar m\u00e1s remoto de la tierra, sin embargo, los habitantes de las ciudades seguimos con enormes problemas de comunicaci\u00f3n con nuestros vecinos. Nos rozamos diariamente con cientos, miles de personas que pasan a nuestro lado sin que emitamos un s\u00f3lo sonido. Angustia, soledad y deseos, casi siempre reprimidos, de dirigirnos a cualquiera y hablar, hablar y decir cualquier cosa, iniciar una conversaci\u00f3n para sentir que de verdad, existimos.<\/span><\/span><\/span><\/p>\n<p style=\"margin-bottom: 0cm;\" align=\"JUSTIFY\"><span style=\"color: #000000;\"><span style=\"font-family: Verdana,sans-serif;\"><span style=\"font-size: small;\">&#8211; Crisis y alteraci\u00f3n del sistema social.<\/span><\/span><\/span><\/p>\n<p style=\"margin-bottom: 0cm;\" align=\"JUSTIFY\"><span style=\"color: #000000;\"><span style=\"font-family: Verdana,sans-serif;\"><span style=\"font-size: small;\">&#8211; Disfunciones estructurales.<\/span><\/span><\/span><\/p>\n<p style=\"margin-bottom: 0cm;\" align=\"JUSTIFY\"><span style=\"color: #000000;\"><span style=\"font-family: Verdana,sans-serif;\"><span style=\"font-size: small;\">&#8211; Sensaci\u00f3n de miedo y vulnerabilidad.<\/span><\/span><\/span><\/p>\n<p style=\"margin-bottom: 0cm;\" align=\"JUSTIFY\"><span style=\"color: #000000;\"><span style=\"font-family: Verdana,sans-serif;\"><span style=\"font-size: small;\">&#8211; Reconfiguraci\u00f3n del sistema y la relaci\u00f3n con el otro, con nosotros mismos y el entorno.<\/span><\/span><\/span><\/p>\n<h3><img decoding=\"async\" loading=\"lazy\" class=\"aligncenter wp-image-184\" src=\"http:\/\/montsearbelojosebafranco.net\/art\/wp-content\/uploads\/2014\/04\/especificaciones-altavoces.jpg\" alt=\"especificaciones-altavoces\" width=\"567\" height=\"479\" \/><\/h3>\n<p style=\"margin-bottom: 0cm;\" align=\"JUSTIFY\">\n","protected":false},"excerpt":{"rendered":"<p>HUMAN WORLD WALKING WORD. Vientos de cambio. Los viejos paradigmas que sustentaban nuestra vida est\u00e1n vi\u00e9ndose superados principalmente por las aportaciones de la ciencia y la tecnolog\u00eda. Conocemos el mapa gen\u00e9tico, la clonaci\u00f3n es posible, la c\u00e9lulas madre, los implantes, &hellip; <a href=\"https:\/\/montsearbelojosebafranco.net\/art\/360-2\/human-world-walking-word\/\">Continuar<\/a><\/p>\n","protected":false},"author":1,"featured_media":0,"parent":149,"menu_order":0,"comment_status":"open","ping_status":"open","template":"page-fullwidth.php","meta":{"nf_dc_page":"","footnotes":""},"class_list":["post-175","page","type-page","status-publish","hentry"],"_links":{"self":[{"href":"https:\/\/montsearbelojosebafranco.net\/art\/wp-json\/wp\/v2\/pages\/175","targetHints":{"allow":["GET"]}}],"collection":[{"href":"https:\/\/montsearbelojosebafranco.net\/art\/wp-json\/wp\/v2\/pages"}],"about":[{"href":"https:\/\/montsearbelojosebafranco.net\/art\/wp-json\/wp\/v2\/types\/page"}],"author":[{"embeddable":true,"href":"https:\/\/montsearbelojosebafranco.net\/art\/wp-json\/wp\/v2\/users\/1"}],"replies":[{"embeddable":true,"href":"https:\/\/montsearbelojosebafranco.net\/art\/wp-json\/wp\/v2\/comments?post=175"}],"version-history":[{"count":33,"href":"https:\/\/montsearbelojosebafranco.net\/art\/wp-json\/wp\/v2\/pages\/175\/revisions"}],"predecessor-version":[{"id":1683,"href":"https:\/\/montsearbelojosebafranco.net\/art\/wp-json\/wp\/v2\/pages\/175\/revisions\/1683"}],"up":[{"embeddable":true,"href":"https:\/\/montsearbelojosebafranco.net\/art\/wp-json\/wp\/v2\/pages\/149"}],"wp:attachment":[{"href":"https:\/\/montsearbelojosebafranco.net\/art\/wp-json\/wp\/v2\/media?parent=175"}],"curies":[{"name":"wp","href":"https:\/\/api.w.org\/{rel}","templated":true}]}}