{"id":179,"date":"2014-04-05T10:28:21","date_gmt":"2014-04-05T10:28:21","guid":{"rendered":"http:\/\/montsearbelojosebafranco.net\/art\/?page_id=179"},"modified":"2021-04-21T08:58:54","modified_gmt":"2021-04-21T08:58:54","slug":"worlds-taste","status":"publish","type":"page","link":"https:\/\/montsearbelojosebafranco.net\/art\/worlds-taste\/","title":{"rendered":"world\u00b4s  taste"},"content":{"rendered":"<p><img decoding=\"async\" loading=\"lazy\" class=\"aligncenter\" src=\"http:\/\/montsearbelojosebafranco.net\/art\/wp-content\/uploads\/2014\/04\/esquema-proyecto-SENSO.jpg\" alt=\"esquema-proyecto-SENSO\" width=\"644\" height=\"327\" \/><\/p>\n<p align=\"JUSTIFY\"><span style=\"color: #000000;\"><b><span style=\"font-size: small;\">\u00a0<\/span><\/b><\/span><\/p>\n<pre><span style=\"color: #000000;\"><span style=\"font-family: Verdana,sans-serif;\"><b>EL GUSTO DEL MUNDO. WORLD\u00b4S TASTE.<\/b> El UMBRAL DE PERCEPCI\u00d3N. Los labios son el umbral de percepci\u00f3n, la puerta de acceso al misterio de la vida. Nuestro origen est\u00e1 en el Big Bang,\u00a0 estamos hechos de polvo c\u00f3smico y nos alimentamos de galaxias y pensamientos. La imaginaci\u00f3n cristaliza tras la combusti\u00f3n de parcelas de la naturaleza.<\/span><\/span><\/pre>\n<pre><span style=\"color: #000000;\"><span style=\"font-family: Verdana,sans-serif;\">El Gusto es nuestra supervivencia. Millones de a\u00f1os alimentando un cuerpo que no se sacia nunca. Saboreamos las ideas, degustamos el instinto, el imaginario colectivo sazona nuestra fantas\u00eda. A trav\u00e9s de la b\u00f3veda del tiempo, el paladar, asimilamos el placer de vivir.<\/span><\/span><\/pre>\n<pre><span style=\"color: #000000;\"><span style=\"font-family: Verdana,sans-serif;\">Apenas un acto reflejo, intrascendente por cotidiano, llevarnos algo a la boca, enciende la maquinaria del Universo instalada en nuestro interior.<\/span><\/span><\/pre>\n<p align=\"JUSTIFY\"><span style=\"color: #000000;\"><b><span style=\"font-size: small;\">\u00a0<\/span><\/b><\/span><\/p>\n","protected":false},"excerpt":{"rendered":"<p>\u00a0 EL GUSTO DEL MUNDO. WORLD\u00b4S TASTE. El UMBRAL DE PERCEPCI\u00d3N. Los labios son el umbral de percepci\u00f3n, la puerta de acceso al misterio de la vida. Nuestro origen est\u00e1 en el Big Bang,\u00a0 estamos hechos de polvo c\u00f3smico y &hellip; <a href=\"https:\/\/montsearbelojosebafranco.net\/art\/worlds-taste\/\">Continuar<\/a><\/p>\n","protected":false},"author":1,"featured_media":0,"parent":0,"menu_order":0,"comment_status":"open","ping_status":"open","template":"page-fullwidth.php","meta":{"nf_dc_page":"","footnotes":""},"class_list":["post-179","page","type-page","status-publish","hentry"],"_links":{"self":[{"href":"https:\/\/montsearbelojosebafranco.net\/art\/wp-json\/wp\/v2\/pages\/179","targetHints":{"allow":["GET"]}}],"collection":[{"href":"https:\/\/montsearbelojosebafranco.net\/art\/wp-json\/wp\/v2\/pages"}],"about":[{"href":"https:\/\/montsearbelojosebafranco.net\/art\/wp-json\/wp\/v2\/types\/page"}],"author":[{"embeddable":true,"href":"https:\/\/montsearbelojosebafranco.net\/art\/wp-json\/wp\/v2\/users\/1"}],"replies":[{"embeddable":true,"href":"https:\/\/montsearbelojosebafranco.net\/art\/wp-json\/wp\/v2\/comments?post=179"}],"version-history":[{"count":30,"href":"https:\/\/montsearbelojosebafranco.net\/art\/wp-json\/wp\/v2\/pages\/179\/revisions"}],"predecessor-version":[{"id":1262,"href":"https:\/\/montsearbelojosebafranco.net\/art\/wp-json\/wp\/v2\/pages\/179\/revisions\/1262"}],"wp:attachment":[{"href":"https:\/\/montsearbelojosebafranco.net\/art\/wp-json\/wp\/v2\/media?parent=179"}],"curies":[{"name":"wp","href":"https:\/\/api.w.org\/{rel}","templated":true}]}}