{"id":192,"date":"2014-04-05T10:35:38","date_gmt":"2014-04-05T10:35:38","guid":{"rendered":"http:\/\/montsearbelojosebafranco.net\/art\/?page_id=192"},"modified":"2016-05-15T11:42:17","modified_gmt":"2016-05-15T11:42:17","slug":"identity-dreams","status":"publish","type":"page","link":"https:\/\/montsearbelojosebafranco.net\/art\/identity-dreams\/","title":{"rendered":"Identity dreams"},"content":{"rendered":"<p><img decoding=\"async\" loading=\"lazy\" class=\"aligncenter wp-image-266\" src=\"http:\/\/montsearbelojosebafranco.net\/art\/wp-content\/uploads\/2014\/04\/identitydreamsinstalbody1.jpg\" alt=\"identitydreams_instalbody1\" width=\"506\" height=\"956\" \/><\/p>\n<p style=\"margin-bottom: 0cm; text-align: justify;\" align=\"JUSTIFY\"><span style=\"color: #000000;\"><span style=\"font-family: Verdana,sans-serif;\"><span style=\"font-size: small;\"><strong>IDENTITY DREAMS IDENTITY BODIES.<\/strong> En la b\u00fasqueda de nuestra identidad resultamos n\u00f3madas de nosotros mismos. Por medio de nuestros recuerdos, refugio y atalaya, intentamos, dram\u00e1ticamente, en medio de la oscuridad, explicarnos el mundo y nuestra existencia.<\/span><\/span><\/span><\/p>\n<p style=\"margin-bottom: 0cm; text-align: justify;\" align=\"JUSTIFY\"><span style=\"color: #000000;\"><span style=\"font-family: Verdana,sans-serif;\"><span style=\"font-size: small;\">A trav\u00e9s de nuestros cuerpos desnudos, sin barreras, vamos a contemplar el paisaje del universo: interior y exterior, de las ideas que lo mueven y nos conmueven. Nuestra identidad es, precisamente nuestra diversidad. Somos polvo de estrellas, agua, pez, \u00e1rbol&#8230;humanos!.<\/span><\/span><\/span><\/p>\n<p style=\"margin-bottom: 0cm; text-align: justify;\" align=\"JUSTIFY\"><span style=\"color: #000000;\"><span style=\"font-family: Verdana,sans-serif;\"><span style=\"font-size: small;\">Audiovisual: videogame, 6\u00b420&#8243; y fotograf\u00edas digitales<\/span><\/span><\/span><\/p>\n<p>&nbsp;<\/p>\n","protected":false},"excerpt":{"rendered":"<p>IDENTITY DREAMS IDENTITY BODIES. En la b\u00fasqueda de nuestra identidad resultamos n\u00f3madas de nosotros mismos. Por medio de nuestros recuerdos, refugio y atalaya, intentamos, dram\u00e1ticamente, en medio de la oscuridad, explicarnos el mundo y nuestra existencia. A trav\u00e9s de nuestros &hellip; <a href=\"https:\/\/montsearbelojosebafranco.net\/art\/identity-dreams\/\">Continuar<\/a><\/p>\n","protected":false},"author":1,"featured_media":0,"parent":0,"menu_order":0,"comment_status":"closed","ping_status":"closed","template":"page-fullwidth.php","meta":{"nf_dc_page":"","footnotes":""},"class_list":["post-192","page","type-page","status-publish","hentry"],"_links":{"self":[{"href":"https:\/\/montsearbelojosebafranco.net\/art\/wp-json\/wp\/v2\/pages\/192","targetHints":{"allow":["GET"]}}],"collection":[{"href":"https:\/\/montsearbelojosebafranco.net\/art\/wp-json\/wp\/v2\/pages"}],"about":[{"href":"https:\/\/montsearbelojosebafranco.net\/art\/wp-json\/wp\/v2\/types\/page"}],"author":[{"embeddable":true,"href":"https:\/\/montsearbelojosebafranco.net\/art\/wp-json\/wp\/v2\/users\/1"}],"replies":[{"embeddable":true,"href":"https:\/\/montsearbelojosebafranco.net\/art\/wp-json\/wp\/v2\/comments?post=192"}],"version-history":[{"count":42,"href":"https:\/\/montsearbelojosebafranco.net\/art\/wp-json\/wp\/v2\/pages\/192\/revisions"}],"predecessor-version":[{"id":1070,"href":"https:\/\/montsearbelojosebafranco.net\/art\/wp-json\/wp\/v2\/pages\/192\/revisions\/1070"}],"wp:attachment":[{"href":"https:\/\/montsearbelojosebafranco.net\/art\/wp-json\/wp\/v2\/media?parent=192"}],"curies":[{"name":"wp","href":"https:\/\/api.w.org\/{rel}","templated":true}]}}