{"id":210,"date":"2014-04-05T10:55:28","date_gmt":"2014-04-05T10:55:28","guid":{"rendered":"http:\/\/montsearbelojosebafranco.net\/art\/?page_id=210"},"modified":"2022-11-05T18:37:09","modified_gmt":"2022-11-05T18:37:09","slug":"cv-biography","status":"publish","type":"page","link":"https:\/\/montsearbelojosebafranco.net\/art\/cv-biography\/","title":{"rendered":"CV Biogr\u00e1fico"},"content":{"rendered":"<p><\/span><\/p>\n<p><span style=\"color: #000000;\"><span style=\"color: #ff6600;\">\u2013<\/span> Congreso Internacional. Pol\u00edticas y Narrativas del Cuerpo. Par\u00eds. Francia<\/span><\/p>\n<p><span style=\"color: #ff6600;\">\u2013 <\/span><span style=\"color: #000000;\">Next FUTURE 360\u00ba<\/span><\/p>\n<p><span style=\"color: #ff6600;\">\u2013<\/span> <span style=\"color: #000000;\">Miembros de Comit\u00e9 SIIMI. International Symposium on innovation in interactive media. Universidade Federal de Goi\u00e1s. Brasil y FADU-UBA<\/span><\/p>\n<p><span style=\"color: #ff6600;\">\u2013 <\/span><span style=\"color: #000000;\">Organizaci\u00f3n de Festival Internacional de la Creatividad, Innovaci\u00f3n y Cultura Digital ESPACIO ENTER Canarias en TEA Tenerife Espacio de las Artes<\/span><\/p>\n<p>\u2013 <span style=\"color: #000000;\">Advancing Society: Science with a Soul. Tilburg University<\/span><\/p>\n<p><span style=\"color: #ff6600;\">\u2013<\/span> <span style=\"color: #000000;\">SF MOMA. San Francisco Museum of Modern Art<\/span><\/p>\n<p><span style=\"color: #ff6600;\">\u2013<\/span> <span style=\"color: #000000;\"><span style=\"color: #000000;\">MIART. International Modern and Contemporary Art Fair. Mil\u00e1n. Italia<\/span><em><br \/>\n<\/em><\/span><\/p>\n<p><span style=\"color: #ff6600;\">\u2013<\/span> <span style=\"color: #000000;\">URBAN. R\u00edo de Janeiro<\/span><\/p>\n<p><span style=\"color: #ff6600;\">\u2013<\/span> <span style=\"color: #000000;\">La Habana Project. Cuba<\/span><\/p>\n<p><span style=\"color: #ff6600;\">\u2013 <\/span><span style=\"color: #000000;\">Tanzania Landscape<\/span><\/p>\n<p><span style=\"color: #ff6600;\">\u2013<\/span> <span style=\"color: #000000;\">Pixelache Festival. Helsinki. Finlandia<\/span><\/p>\n<p><span style=\"color: #ff6600;\">\u2013<\/span> <span style=\"color: #000000;\">ESPACIO ENTER 015. TEA Tenerife Espacio de las Artes<\/span><\/p>\n<p><span style=\"color: #ff6600;\">\u2013<\/span> <span style=\"color: #000000;\">Innoweek. Riga<\/span><\/p>\n<p><span style=\"color: #ff6600;\">\u2013 <\/span><span style=\"color: #000000;\">Planet Suvilahti. Helsinki. Finlandia<\/span><\/p>\n<p><span style=\"color: #ff6600;\">\u2013 <\/span><span style=\"color: #000000;\">Bienal Brasileira de Design, Florian\u00e1polis<\/span><\/p>\n<p><span style=\"color: #ff6600;\">\u2013 <\/span><span style=\"color: #000000;\">Miembros de Comit\u00e9 Cient\u00edfico de UVM 2015, Undestanding Visual Music<\/span><\/p>\n<p><span style=\"color: #ff6600;\">\u2013 <\/span><span style=\"color: #000000;\">Exhibici\u00f3n en Centro Cultura do Banco do Brasil, CCBB<\/span><\/p>\n<p><span style=\"color: #ff6600;\">\u2013 <\/span><span style=\"color: #000000;\">ESPACIO ENTER 14 TEA Tenerife Espacio de las Artes<\/span><\/p>\n<p><span style=\"color: #ff6600;\">\u2013<\/span> <span style=\"color: #000000;\">13\u00ba Encontro Internacional de Arte e Tecnolog\u00eda: arte. pol\u00edtica e singularidade. Universidade de Bras\u00edlia, Instituto de Artes, Departamento de Artes Visuais.<\/span><\/p>\n<p><span style=\"color: #ff6600;\">\u2013<\/span> <span style=\"color: #000000;\">Museu Nacional da Rep\u00fablica Brasilia #13 ART<\/span><\/p>\n<p><span style=\"color: #ff6600;\">\u2013<\/span> <span style=\"color: #000000;\">Art Dubai. Doha &amp; Dubai<\/span><\/p>\n<p><span style=\"color: #ff6600;\">\u2013<\/span> <span style=\"color: #000000;\">European Culture Forum 2013. BOZAR, Palais des Beaux-Arts, Bruselas<\/span><\/p>\n<p><span style=\"color: #ff6600;\">\u2013<\/span> <span style=\"color: #000000;\">The Wrong. New Digital Art Biennale. Sao Paulo. Curator C. Ghetti<\/span><\/p>\n<p><span style=\"color: #ff6600;\">\u2013 <\/span><span style=\"color: #000000;\">Platoon Kunsthalle Seoul<\/span><\/p>\n<p><span style=\"color: #ff6600;\">\u2013 <\/span><span style=\"color: #000000;\">British Comparative Literature Association. Research libraries Stanford University<\/span><\/p>\n<p><span style=\"color: #ff6600;\">\u2013<\/span> <span style=\"color: #000000;\">F\u00f3rum Eug\u00e9nio de Almeida en \u00c9vora, Portugal<\/span><\/p>\n<p><span style=\"color: #ff6600;\">\u2013<\/span> <span style=\"color: #000000;\">World Summit on the information Society Forum <\/span><span style=\"color: #000000;\">(e-participation) UNESCO. Ginebra. Suiza<\/span><\/p>\n<p><span style=\"color: #ff6600;\">\u2013<\/span> <span style=\"color: #000000;\">Art Dubai<\/span><\/p>\n<p><span style=\"color: #ff6600;\">\u2013<\/span> <span style=\"color: #000000;\">Jurado en Short Soup 2013 CineWEST Sidney. Australia<\/span><\/p>\n<p><span style=\"color: #ff6600;\">\u2013<\/span> <span style=\"color: #000000;\">Creadores y directores del Congreso Internacional Sociedad Global en Red: Actitud Innovadora y Ecosistemas Creativos<\/span><\/p>\n<p><span style=\"color: #000000;\">Comisi\u00f3n Europea. Representaci\u00f3n en Espa\u00f1a. Madrid<\/span><\/p>\n<p><span style=\"color: #000000;\">Alh\u00f3ndiga Bilbao<\/span><\/p>\n<p><span style=\"color: #000000;\">Parlamento Europeo. Bruselas<\/span><\/p>\n<p><span style=\"color: #ff6600;\">\u2013<\/span> <span style=\"color: #000000;\">1\u00ba Congreso Internacional. Electronic Literature and Virtual Art. ELVA. Instituto Franklin<\/span><\/p>\n<p><span style=\"color: #ff6600;\">\u2013<\/span> <span style=\"color: #000000;\">Mundos Digitales. A Coru\u00f1a<\/span><\/p>\n<p><span style=\"color: #ff6600;\">\u2013<\/span> <span style=\"color: #000000;\">III Congreso Europeo: Sociedad Net: Redes e Innovaci\u00f3n Social<\/span><\/p>\n<p><span style=\"color: #000000;\">Comisi\u00f3n Europea. Representaci\u00f3n en Espa\u00f1a. Madrid <\/span><\/p>\n<p><span style=\"color: #000000;\">Bizkaia Aretoa, <\/span><span style=\"color: #000000;\">Paraninfo Universidad del Pa\u00eds Vasco. Fundaci\u00f3n Euskampus, Campus Internacional de Excelencia UPV<\/span><\/p>\n<p><span style=\"color: #000000;\">Parlamento Europeo. Bruselas<\/span><\/p>\n<p>\u2013 <span style=\"color: #000000;\">Fase3. Centro Cultural Recoleta. Buenos Aires. Argentina<\/span><\/p>\n<p>\u2013 <span style=\"color: #000000;\">Centro Cultural de Espa\u00f1a en Buenos Aires CCEBA<\/span><\/p>\n<p>\u2013 <span style=\"color: #000000;\">Miembros de Innobasque. Agencia Vasca de la Innovaci\u00f3n<\/span><\/p>\n<p>\u2013 <span style=\"color: #000000;\">S-Low. Berl\u00edn<\/span><\/p>\n<p>\u2013 <span style=\"color: #000000;\">II Congreso Europeo: Estrategias para el desarrollo del Espacio Digital Europeo<\/span><\/p>\n<p><span style=\"color: #000000;\">C\u00e1mara de Comercio de Bilbao<\/span><\/p>\n<p><span style=\"color: #000000;\">Comisi\u00f3n Europea. Representaci\u00f3n en Espa\u00f1a. Madrid<\/span><\/p>\n<p><span style=\"color: #000000;\">Parlamento Europeo. Bruselas<\/span><\/p>\n<p><span style=\"color: #ff6600;\">\u2013<\/span> <span style=\"color: #000000;\">Heavy Duty. Valencia, Par\u00eds, New York<\/span><\/p>\n<p>\u2013 <span style=\"color: #000000;\">Miembros del Comit\u00e9 de Expertos de la \u201cAgenda Ciudadana de la Ciencia y la Innovaci\u00f3n\u201d FECYT. Ministerio de Ciencia e Innovaci\u00f3n. Espa\u00f1a<\/span><\/p>\n<p><span style=\"color: #ff6600;\">\u2013 <\/span><span style=\"color: #000000;\">Participaci\u00f3n en Album Asia. Casa Asia y Sociedad Estatal para Exposiciones internacionales. Biblioteca Nacional<\/span><\/p>\n<p><span style=\"color: #ff6600;\">\u2013<\/span> <span style=\"color: #000000;\">2 \u00ba Congreso Internacional ARTECHMEDIA Barcelona Activa y Casa Asia<\/span><\/p>\n<p><span style=\"color: #ff6600;\">\u2013 <\/span><span style=\"color: #000000;\">Seoul Light Festival. Corea<\/span><\/p>\n<p><span style=\"color: #ff6600;\">\u2013 <\/span><span style=\"color: #000000;\">Museo Guggenheim Bilbao. I Congreso Europeo: Creatividad, Innovaci\u00f3n, Cultura Digital y Participaci\u00f3n Ciudadana en la Construcci\u00f3n Europea<\/span><\/p>\n<p><span style=\"color: #ff6600;\">\u2013<\/span> <span style=\"color: #000000;\">Academia de Bellas Artes. Palma de Mallorca<\/span><\/p>\n<p><span style=\"color: #ff6600;\">\u2013<\/span> <span style=\"color: #000000;\">Irresistible District. Helsinki. Finlandia<\/span><\/p>\n<p><span style=\"color: #ff6600;\">\u2013 <\/span><span style=\"color: #000000;\">ESPACIO ENTER 09. TEA Tenerife Espacio de las Artes<\/span><\/p>\n<p><span style=\"color: #ff6600;\">\u2013<\/span> <span style=\"color: #000000;\">Transfer LOUNGUE curator Ima Pic\u00f3 en Festival \u00d3ptica. Cinemateca B. La Paz, Bolivia. Madrid, Gij\u00f3n, C\u00f3rdoba, Espa\u00f1a. Par\u00eds, Francia. Buenos Aires, Argentina.<\/span><\/p>\n<p><span style=\"color: #ff6600;\">\u2013<\/span> <span style=\"color: #000000;\">Centro Cultural Antiguo Instituto. Gij\u00f3n<\/span><\/p>\n<p><span style=\"color: #ff6600;\">\u2013<\/span> <span style=\"color: #000000;\">N\u00facleo de Arte e Tecnologia da Escola de Artes Visuais do Parque Lage. R\u00edo de Janeiro, Brasil<\/span><\/p>\n<p><span style=\"color: #ff6600;\">\u2013 <\/span><span style=\"color: #000000;\">TransLOUNGUE. Forjarte Valencia. Espa\u00f1a y Space Pittsburg. EEUU<\/span><\/p>\n<p><span style=\"color: #ff6600;\">\u2013<\/span> <span style=\"color: #000000;\">Carnival of e-Creativity (CeC 2009). Curator Ima Pic\u00f3. Lower Kumaon. New Himalayan<\/span><\/p>\n<p><span style=\"color: #000000;\">Indian state of Uttarakhand. India<\/span><\/p>\n<p><span style=\"color: #000000;\"><span style=\"color: #ff6600;\">\u2013<\/span> Foro Internacional ARTECHMEDIA. C\u00f3rdoba 0.8<\/span><\/p>\n<p><span style=\"color: #000000;\"><span style=\"color: #ff6600;\">\u2013<\/span> Expo Futura. PERIFERIAS. Huesca<\/span><\/p>\n<p><span style=\"color: #000000;\"><span style=\"color: #ff6600;\">&#8211;<\/span> Tina-B Festival. Praga 2008 &#8211; Proyecciones Art Tech Media. Puerto de la Cruz<\/span><\/p>\n<p><span style=\"color: #000000;\"><span style=\"color: #ff6600;\">&#8211;<\/span> MEIAC. Museo Extreme\u00f1o e Iberoamericano de Arte Contempor\u00e1neo. Badajoz<\/span><\/p>\n<p><span style=\"color: #000000;\"><span style=\"color: #ff6600;\">&#8211;<\/span> Ars Electronica. Linz. Austria<\/span><\/p>\n<p><span style=\"color: #000000;\"><span style=\"color: #ff6600;\">&#8211;<\/span> Cura Bodrum &#8211; Comisaria Blanca de la Torre. PIST. Estambul. Turqu\u00eda<\/span><\/p>\n<p><span style=\"color: #000000;\"><span style=\"color: #ff6600;\">&#8211;<\/span> Chelsea Art Museum. New York<\/span><\/p>\n<p><span style=\"color: #000000;\"><span style=\"color: #ff6600;\">&#8211;<\/span> Mediateca Caixa Forum. [archivo MIDE]. Barcelona<\/span><\/p>\n<p><span style=\"color: #000000;\"><span style=\"color: #ff6600;\">&#8211;<\/span> Digital Media 1.0. Valencia<\/span><\/p>\n<p><span style=\"color: #000000;\"><span style=\"color: #ff6600;\">&#8211;<\/span> MAXXI; Museo Nazionale delle Arti del XXI Secolo. Roma<\/span><\/p>\n<p><span style=\"color: #000000;\"><span style=\"color: #ff6600;\">&#8211;<\/span> Share. Tur\u00edn. Italia<\/span><\/p>\n<p><span style=\"color: #000000;\"><span style=\"color: #ff6600;\">&#8211;<\/span> Centro Historia de Zaragoza<\/span><\/p>\n<p><span style=\"color: #000000;\"><span style=\"color: #ff6600;\">&#8211;<\/span> ARTECHMEDIA. ARCO. Madrid<\/span><\/p>\n<p><span style=\"color: #000000;\"><span style=\"color: #ff6600;\">&#8211;<\/span> Metamap. Viena. Austria<\/span><\/p>\n<p><span style=\"color: #000000;\"><span style=\"color: #ff6600;\">&#8211;<\/span> Centro P\u00e1rraga. Murcia<\/span><\/p>\n<p><span style=\"color: #000000;\"><span style=\"color: #ff6600;\">&#8211;<\/span> N\u00d3MADAS. CCCB. Centro de Cultura Contempor\u00e1nea de Barcelona<\/span><\/p>\n<p><span style=\"color: #000000;\"><span style=\"color: #ff6600;\">&#8211;<\/span> 1\u00ba Congreso Internacional ARTECHMEDIA. Ministerio de Cultura Instituto Cervantes Casa de Am\u00e9rica 60 Organizaciones Internacionales<\/span><\/p>\n<p><span style=\"color: #000000;\"><span style=\"color: #ff6600;\">&#8211;<\/span> Chelsea Art Museum, PAM con Lev Manovic, Montse Arbelo y Joseba Franco. New York<\/span><\/p>\n<p><span style=\"color: #000000;\"><span style=\"color: #ff6600;\">&#8211;<\/span> LOOP. Feria Videoart. Barcelona <\/span><\/p>\n<p><span style=\"color: #000000;\"><span style=\"color: #ff6600;\">&#8211;<\/span> Parlamento Europeo. Bruselas. emc25 &#8211; emc27<\/span><\/p>\n<p><span style=\"color: #000000;\"><span style=\"color: #ff6600;\">&#8211;<\/span> Festival de Cine de M\u00e1laga, Art tv. M\u00e1laga<\/span><\/p>\n<p><span style=\"color: #000000;\"><span style=\"color: #ff6600;\">&#8211;<\/span> Art Tech Media ARCO. Madrid<br \/>\n<\/span><\/p>\n<p><span style=\"color: #000000;\">Museo Nacional Centro de Arte Reina Sof\u00eda, Madrid<br \/>\n<\/span><\/p>\n<p><span style=\"color: #000000;\">Domus Artium 2002 DA2, Salamanca<br \/>\n<\/span><\/p>\n<p><span style=\"color: #000000;\">Presidencia del Gobierno de Canarias, Tenerife<br \/>\n<\/span><\/p>\n<p><span style=\"color: #000000;\">Museo Vasco ARTIUM, Vitoria Fundaci\u00f3n Bilbao Arte, Bilbao<br \/>\n<\/span><\/p>\n<p><span style=\"color: #000000;\">Centro de Cultura Contempor\u00e1nea de Barcelona<\/span><\/p>\n<p><span style=\"color: #000000;\">Museo Es Baluard, Palma de Mallorca<\/span><\/p>\n<p><span style=\"color: #000000;\">Centro P\u00e1rraga, Murcia<\/span><\/p>\n<p><span style=\"color: #000000;\">Museo Uni\u00f3n FENOSA, A Coru\u00f1a<\/span><\/p>\n<p><span style=\"color: #000000;\"><span style=\"color: #ff6600;\">&#8211;<\/span> UA. Videocreaci\u00f3n Digital. Chris Cunningham, Cold Cut, Valencina Serrati, Tomato, Melon Design y Montse Arbelo y Joseba Franco. Curator: Jos\u00e9 Ram\u00f3n Alcal\u00e1 (Director del MIDE de Cuenca, Catedr\u00e1tico de Tecnolog\u00edas de la Imagen, Universidad de Castilla-La Mancha)<\/span><\/p>\n<p><span style=\"color: #000000;\"><span style=\"color: #ff6600;\">&#8211;<\/span> Centro Cultural Montehermoso. Vitoria<\/span><\/p>\n<p><span style=\"color: #000000;\"><span style=\"color: #ff6600;\">&#8211;<\/span> MAF. Festival. Bangkok Tailandia<\/span><\/p>\n<p><span style=\"color: #000000;\"><span style=\"color: #ff6600;\">&#8211;<\/span> II Cumbre Mundial de Ciudades y Autoridades Locales sobre la Sociedad de la Informaci\u00f3n. Bilbao<\/span><\/p>\n<p><span style=\"color: #000000;\"><span style=\"color: #ff6600;\">&#8211;<\/span> ARCO, Feria Internacional de Arte Contempor\u00e1neo. Madrid<\/span><\/p>\n<p><span style=\"color: #000000;\"><span style=\"color: #ff6600;\">&#8211;<\/span> Art Futura. Barcelona<\/span><\/p>\n<p><span style=\"color: #000000;\"><span style=\"color: #ff6600;\">&#8211;<\/span> Mssohkan Gallery. Jap\u00f3n<\/span><\/p>\n<p><span style=\"color: #000000;\"><span style=\"color: #ff6600;\">&#8211;<\/span> Metropolitan Museum Manila. Filipinas<\/span><\/p>\n<p><span style=\"color: #000000;\"><span style=\"color: #ff6600;\">&#8211;<\/span> CYPRES. Marsella<\/span><\/p>\n<p><span style=\"color: #000000;\"><span style=\"color: #ff6600;\">&#8211;<\/span> Centro de Arte la Recova. S.C. Tenerife<\/span><\/p>\n<p><span style=\"color: #000000;\"><span style=\"color: #ff6600;\">&#8211;<\/span> Galer\u00eda Sandunga. inCINEraci\u00f3n. Granada<\/span><\/p>\n<p><span style=\"color: #000000;\"><span style=\"color: #ff6600;\">&#8211;<\/span> Observatori. Ciudad de las Artes y de las Ciencias. Valencia<\/span><\/p>\n<p><span style=\"color: #000000;\"><span style=\"color: #ff6600;\">&#8211;<\/span> CIGE International Art Fair. Beijing. China<\/span><\/p>\n<p><span style=\"color: #000000;\"><span style=\"color: #ff6600;\">&#8211;<\/span> Galer\u00eda Carmen de la Guerra. Madrid<\/span><\/p>\n<p><span style=\"color: #000000;\"><span style=\"color: #ff6600;\">&#8211;<\/span> Museo de Bellas Artes de Tenerife <\/span><\/p>\n<p><span style=\"color: #000000;\"><span style=\"color: #ff6600;\">&#8211;<\/span> Human NW. CCCB. Centro de Cultura Contempor\u00e1nea de Barcelona<\/span><\/p>\n<p><span style=\"color: #000000;\"><span style=\"color: #ff6600;\">&#8211;<\/span> C\u00edrculo de Bellas Artes de Tenerife<\/span><\/p>\n<p><span style=\"color: #000000;\"><span style=\"color: #ff6600;\">&#8211;<\/span> Minimal Arte Contempor\u00e1nea Oporto. Portugal<\/span><\/p>\n<p><span style=\"color: #000000;\"><span style=\"color: #ff6600;\">&#8211;<\/span> Espacio Cultural El Tanque de Petr\u00f3leo. Santa Cruz de Tenerife<\/span><\/p>\n<p><span style=\"color: #000000;\"><span style=\"color: #ff6600;\">&#8211;<\/span> Galer\u00eda Abad Aguirre. Bilbao<\/span><\/p>\n<p><span style=\"color: #000000;\"><span style=\"color: #ff6600;\">&#8211;<\/span> Caelum Gallery. New York<\/span><\/p>\n<p><span style=\"color: #000000;\"><span style=\"color: #ff6600;\">&#8211;<\/span> Festival of Independent Video, OVNI [Observatorio de V\u00eddeo no Identificado]<\/span><\/p>\n<p><span style=\"color: #000000;\"><strong><em>CONFERENCIAS y WORKSHOPS:<\/em><\/strong><\/span><\/p>\n<p><span style=\"color: #000000;\"><span style=\"color: #ff6600;\">&#8211;<\/span> Centro IAMAS and CAP Jap\u00f3n<\/span><\/p>\n<p><span style=\"color: #000000;\"><span style=\"color: #ff6600;\">&#8211;<\/span> Metropolitan Museum of Manila. Filipinas<\/span><\/p>\n<p><span style=\"color: #000000;\"><span style=\"color: #ff6600;\">&#8211;<\/span> 13\u00ba Encontro Internacional de Arte e Tecnolog\u00eda: arte. pol\u00edtica e singularidade. Universidade de Bras\u00edlia, Instituto de Artes, Departamento de Artes Visuais.<\/span><\/p>\n<p><span style=\"color: #000000;\"><span style=\"color: #ff6600;\">&#8211;<\/span> Art Futura, Barcelona<\/span><\/p>\n<p><span style=\"color: #000000;\"><span style=\"color: #ff6600;\">&#8211;<\/span> MIDE, Cuenca<\/span><\/p>\n<p><span style=\"color: #000000;\"><span style=\"color: #ff6600;\">&#8211;<\/span> ESDI. MECAD, Barcelona<\/span><\/p>\n<p><span style=\"color: #000000;\"><span style=\"color: #ff6600;\">&#8211;<\/span> Centro de Arte DA2, Salamanca<\/span><\/p>\n<p><span style=\"color: #000000;\"><span style=\"color: #ff6600;\">&#8211;<\/span> Centro de Arte La Recova, Santa Cruz de Tenerife<\/span><\/p>\n<p><span style=\"color: #000000;\"><span style=\"color: #ff6600;\">&#8211;<\/span> Museo Nacional Centro de Arte Reina Sof\u00eda, Madrid<\/span><\/p>\n<p><span style=\"color: #000000;\"><span style=\"color: #ff6600;\">&#8211;<\/span> Presidencia del Gobierno de Canarias<\/span><\/p>\n<p><span style=\"color: #000000;\"><span style=\"color: #ff6600;\">&#8211;<\/span> Museo Vasco ARTIUM, Vitoria<\/span><\/p>\n<p><span style=\"color: #000000;\"><span style=\"color: #ff6600;\">&#8211;<\/span> Fundaci\u00f3n Bilbao Arte, Bilbao<\/span><\/p>\n<p><span style=\"color: #000000;\"><span style=\"color: #ff6600;\">&#8211;<\/span> Centro de Cultura Contempor\u00e1nea de Barcelona<\/span><\/p>\n<p><span style=\"color: #000000;\"><span style=\"color: #ff6600;\">&#8211;<\/span> Museo EsBaluard, Palma de Mallorca<\/span><\/p>\n<p><span style=\"color: #000000;\"><span style=\"color: #ff6600;\">&#8211;<\/span> Centro P\u00e1rraga, Murcia<\/span><\/p>\n<p><span style=\"color: #000000;\"><span style=\"color: #ff6600;\">&#8211;<\/span> Museo Uni\u00f3n FENOSA, A Coru\u00f1a<\/span><\/p>\n<p><span style=\"color: #000000;\"><span style=\"color: #ff6600;\">&#8211;<\/span> ARCO Feria internacional de Arte Contempor\u00e1neo<\/span><\/p>\n<p><span style=\"color: #000000;\"><span style=\"color: #ff6600;\">&#8211;<\/span> Festival de Cine de M\u00e1laga, Art tv<\/span><\/p>\n<p><span style=\"color: #000000;\"><span style=\"color: #ff6600;\">&#8211;<\/span> TAC. Talleres de Arte Contempor\u00e1neo. Zaragoza<\/span><\/p>\n<p><span style=\"color: #000000;\"><span style=\"color: #ff6600;\">&#8211;<\/span> II International Forum: FASTFORWARD on New Media Art. PAN. Naples Palazzo delle Arti Napoli<\/span><\/p>\n<p><span style=\"color: #000000;\"><span style=\"color: #ff6600;\">&#8211;<\/span> La Universit\u00e0 degli Studi della Tuscia.Viterbo. Italy<\/span><\/p>\n<p><span style=\"color: #000000;\"><span style=\"color: #ff6600;\">\u2013<\/span> Digital Media 1.0. La Nau. Valencia. Spain<\/span><\/p>\n<p><span style=\"color: #000000;\"><span style=\"color: #ff6600;\">\u2013<\/span> Chelsea Art Museum. New York<\/span><\/p>\n<p><span style=\"color: #000000;\"><span style=\"color: #ff6600;\">\u2013<\/span> NAT. R\u00edo de Janeiro. Brasil<\/span><\/p>\n<p><span style=\"color: #000000;\"><span style=\"color: #ff6600;\">\u2013<\/span> Museo Guggenheim Bilbao<\/span><\/p>\n<p><span style=\"color: #000000;\"><span style=\"color: #ff6600;\">\u2013<\/span> Casa Asia. Barcelona<\/span><\/p>\n<p><span style=\"color: #000000;\"><span style=\"color: #ff6600;\">\u2013<\/span> Mundos Digitales. A Coru\u00f1a<\/span><\/p>\n<p><span style=\"color: #000000;\"><span style=\"color: #ff6600;\">\u2013<\/span> CCEBA. Buenos Aires<\/span><\/p>\n","protected":false},"excerpt":{"rendered":"<p>\u2013 Congreso Internacional. Pol\u00edticas y Narrativas del Cuerpo. Par\u00eds. Francia \u2013 Next FUTURE 360\u00ba \u2013 Miembros de Comit\u00e9 SIIMI. International Symposium on innovation in interactive media. Universidade Federal de Goi\u00e1s. Brasil y FADU-UBA \u2013 Organizaci\u00f3n de Festival Internacional de la &hellip; <a href=\"https:\/\/montsearbelojosebafranco.net\/art\/cv-biography\/\">Continuar<\/a><\/p>\n","protected":false},"author":1,"featured_media":0,"parent":0,"menu_order":0,"comment_status":"open","ping_status":"open","template":"","meta":{"nf_dc_page":"","footnotes":""},"class_list":["post-210","page","type-page","status-publish","hentry"],"_links":{"self":[{"href":"https:\/\/montsearbelojosebafranco.net\/art\/wp-json\/wp\/v2\/pages\/210","targetHints":{"allow":["GET"]}}],"collection":[{"href":"https:\/\/montsearbelojosebafranco.net\/art\/wp-json\/wp\/v2\/pages"}],"about":[{"href":"https:\/\/montsearbelojosebafranco.net\/art\/wp-json\/wp\/v2\/types\/page"}],"author":[{"embeddable":true,"href":"https:\/\/montsearbelojosebafranco.net\/art\/wp-json\/wp\/v2\/users\/1"}],"replies":[{"embeddable":true,"href":"https:\/\/montsearbelojosebafranco.net\/art\/wp-json\/wp\/v2\/comments?post=210"}],"version-history":[{"count":195,"href":"https:\/\/montsearbelojosebafranco.net\/art\/wp-json\/wp\/v2\/pages\/210\/revisions"}],"predecessor-version":[{"id":1400,"href":"https:\/\/montsearbelojosebafranco.net\/art\/wp-json\/wp\/v2\/pages\/210\/revisions\/1400"}],"wp:attachment":[{"href":"https:\/\/montsearbelojosebafranco.net\/art\/wp-json\/wp\/v2\/media?parent=210"}],"curies":[{"name":"wp","href":"https:\/\/api.w.org\/{rel}","templated":true}]}}