{"id":4,"date":"2014-04-03T15:35:37","date_gmt":"2014-04-03T15:35:37","guid":{"rendered":"http:\/\/montsearbelojosebafranco.net\/art\/?page_id=4"},"modified":"2026-03-25T23:04:05","modified_gmt":"2026-03-25T23:04:05","slug":"about","status":"publish","type":"page","link":"https:\/\/montsearbelojosebafranco.net\/art\/","title":{"rendered":"somos"},"content":{"rendered":"<p><img decoding=\"async\" loading=\"lazy\" class=\"aligncenter wp-image-26\" src=\"http:\/\/montsearbelojosebafranco.net\/art\/wp-content\/uploads\/2014\/04\/HUMAN-NW_MontseArbeloJosebaFranco_photo1-620x618.jpg\" alt=\"HUMAN-NW_MontseArbeloJosebaFranco_w1\" width=\"704\" height=\"671\" \/><img decoding=\"async\" loading=\"lazy\" class=\"aligncenter wp-image-83\" src=\"http:\/\/montsearbelojosebafranco.net\/art\/wp-content\/uploads\/2014\/04\/HUMAN-NW_MontseArbeloJosebaFranco_photo2-620x618.jpg\" alt=\"HUMAN-NW_MontseArbeloJosebaFranco_w2\" width=\"704\" height=\"670\" \/><\/p>\n<p><span style=\"color: #000000;\">\u00a0<\/span><\/p>\n<p align=\"JUSTIFY\"><span style=\"color: #000000;\"><strong>Montse Arbelo y Joseba Franco<\/strong>, artistas comprometidos con la innovaci\u00f3n y la cultura del siglo XXI, de amplia trayectoria internacional con exposiciones y proyectos en New York, San Francisco, Beijing, Dubai, Se\u00fal, R\u00edo de Janeiro, Tokio, Kobe, Buenos Aires, Madrid, Bruselas, Roma, Barcelona, Par\u00eds,\u00a0 Berl\u00edn, Sidney, Brasilia, Helsinki, Bangkok, Manila, Ginebra, Bilbao&#8230; Fundadores de la plataforma de arte, ciencia, tecnolog\u00eda<span style=\"text-decoration: underline;\"><a style=\"color: #000000; text-decoration: underline;\" href=\"http:\/\/www.artechmedia.org\" target=\"_blank\" rel=\"noopener\"> www.artechmedia.org <\/a><\/span>Creadores del Festival Internacional de creatividad, innovaci\u00f3n y cultura digital <a style=\"color: #000000;\" href=\"http:\/\/www.espacioenter.net\" target=\"_blank\" rel=\"noopener\"><span style=\"text-decoration: underline;\">www.espacioenter.net<\/span> <\/a>y de la organizaci\u00f3n internacional para el desarrollo de la Sociedad del Conocimiento GLOBAL NET SOCIETY INSTITUTE <span style=\"text-decoration: underline;\"><a style=\"color: #000000; text-decoration: underline;\" href=\"http:\/\/www.globalnetsi.org\" target=\"_blank\" rel=\"noopener\">www.globalnetsi.org <\/a><\/span>Fruto de su constante experimentaci\u00f3n han encontrado en la literatura un nuevo campo creativo. A trav\u00e9s de sus numerosos viajes internacionales conocen de primera mano y trasladan la realidad social a sus proyectos.<\/span><\/p>\n<p align=\"JUSTIFY\"><span style=\"color: #000000;\">Ampliar informaci\u00f3n ver el <a style=\"color: #000000;\" title=\"CV Biograf\u00eda Montse Arbelo y Joseba Franco\" href=\"http:\/\/montsearbelojosebafranco.net\/art\/?page_id=210&amp;lang=es\"><span style=\"color: #ff9900;\"><span style=\"color: #000000;\"><span style=\"text-decoration: underline;\">CV Biogr\u00e1fico<\/span><\/span><\/span><\/a><\/span><\/p>\n<pre><span style=\"color: #000000;\">Nueva Aventura Literaria de: \r\nMontse Arbelo y Joseba Franco, artistas multidisciplinares. <\/span><\/pre>\n<p><span style=\"color: #000000;\">contacto: <a style=\"color: #000000;\" href=\"mailto:montsearbelojosebafranco@gmail.com\" target=\"_blank\" rel=\"noopener\"><span style=\"color: #000000;\">montsearbelojosebafranco@gmail.com<\/span><\/a><\/span><\/p>\n<h3><b><img decoding=\"async\" loading=\"lazy\" class=\"wp-image-1477 aligncenter\" src=\"https:\/\/montsearbelojosebafranco.net\/art\/wp-content\/uploads\/2025\/09\/JURERE-NOCTURNO_Joseba-Franco.jpg\" alt=\"G\" width=\"530\" height=\"500\" \/><\/b><\/h3>\n<p align=\"JUSTIFY\"><span style=\"color: #000000;\"><b>JURER\u00c9 NOCTURNO. Joseba Franco<\/b><\/span><\/p>\n<p align=\"JUSTIFY\"><span style=\"color: #000000;\">Am\u00e9rica, Europa, Asia y \u00c1frica como escenarios y tres protagonistas principales acompa\u00f1ados por m\u00e1s de sesenta secundarios. Los hay malos y mal\u00edsimos; buenos, buenos&#8230;, quiz\u00e1 ninguno, todos con un pasado y la mayor\u00eda sin futuro. C\u00e9sar, uno de esos tres protagonistas opina que: \u00ab&#8230;tienes que reconocerlo, el v\u00e9rtigo de buscar los l\u00edmites te debi\u00f3 cegar. Imposible calificarla de vibrante combinaci\u00f3n de novela negra, de ficci\u00f3n biogr\u00e1fica, de aventuras, incluso er\u00f3tica y divertida en ocasiones, pero lo har\u00eda si tuviera que declarar ante un juez\u00bb. Una historia de ficci\u00f3n que puede ser real o una historia real que tal vez nunca sucedi\u00f3. T\u00fa decides.<\/span><\/p>\n<pre><span style=\"color: #000000;\">ISBN: 978-84-09-71967-9<\/span><\/pre>\n<pre><span style=\"color: #000000;\">Difruta de la lectura. \r\n<a style=\"color: #ff0000; text-decoration: underline;\" title=\"DESCARGAR\" href=\"https:\/\/montsearbelojosebafranco.net\/art\/descargar-nuestros-libros\/\">Descargar gratis epub: JURER\u00c9 NOCTURNO<\/a>.<\/span>\r\n<\/pre>\n<h6><span style=\"color: #000000;\">@Todos los derechos reservados.<\/span><\/h6>\n<p align=\"JUSTIFY\"><img decoding=\"async\" loading=\"lazy\" class=\"wp-image-1478 aligncenter\" src=\"https:\/\/montsearbelojosebafranco.net\/art\/wp-content\/uploads\/2025\/09\/POEMAS-CLUB-M_Montse-Arbelo.jpg\" alt=\"\" width=\"462\" height=\"594\" \/><\/p>\n<p align=\"JUSTIFY\"><span style=\"color: #000000;\"><b>POEMAS CLUB M. Montse Arbelo<\/b><\/span><\/p>\n<p align=\"JUSTIFY\"><span style=\"color: #000000;\">\u201cClaros se abren en el cielo, firmamento de estrellas, deseo ardientemente que regreses a mi lado. Locura calmada, con cientos de deseos colmados, extra\u00f1a que el mundo se abandone a la barbarie m\u00e1s inmunda, al dolor, conociendo el placer del amor&#8221;.<\/span><\/p>\n<pre><span style=\"color: #000000;\">ISBN: 978-84-09-75426-7\r\n<\/span><\/pre>\n<pre><span style=\"color: #000000;\">Difruta de la lectura.\r\n<span style=\"color: #ff0000;\"><a style=\"color: #ff0000;\" title=\"DESCARGAR\" href=\"https:\/\/montsearbelojosebafranco.net\/art\/descargar-nuestros-libros\/\">Descargar gratis epub: POEMAS CLUB M<\/a>.<\/span><\/span><\/pre>\n<h6><span style=\"color: #000000;\">\u00a0@Todos los derechos reservados.<\/span><\/h6>\n<p>&nbsp;<\/p>\n<pre><\/pre>\n<pre><span style=\"color: #000000;\">OBRAS LITERARIAS de:\r\nJoseba Franco y Montse Arbelo<\/span><\/pre>\n<p align=\"JUSTIFY\"><span style=\"color: #000000;\"><b>AUTOR: JOSEBA FRANCO<br \/>\n<\/b><\/span><\/p>\n<p align=\"JUSTIFY\"><span style=\"color: #000000;\">480 GOTAS SOBRE EL MAR DE ZANZ\u00cdBAR, LA VIDA ES UNA PROFESI\u00d3N DE RIESGO, JURER\u00c9 NOCTURNO.<\/span><\/p>\n<p align=\"JUSTIFY\"><img decoding=\"async\" loading=\"lazy\" class=\"wp-image-1712 aligncenter\" src=\"https:\/\/montsearbelojosebafranco.net\/art\/wp-content\/uploads\/2025\/09\/Libros_Joseba-Franco.jpg\" alt=\"\" width=\"513\" height=\"478\" \/><\/p>\n<p><span style=\"color: #000000;\">contacto: <a style=\"color: #000000;\" href=\"mailto:montsearbelojosebafranco@gmail.com\" target=\"_blank\" rel=\"noopener\">montsearbelojosebafranco@gmail.com<\/a><\/span><\/p>\n<p>&nbsp;<\/p>\n<pre><span style=\"color: #000000;\">OBRAS LITERARIAS de:\r\nMontse Arbelo y Joseba Franco<\/span><\/pre>\n<p align=\"JUSTIFY\"><span style=\"color: #000000;\"><b>AUTORA: Montse Arbelo<\/b><\/span><\/p>\n<p align=\"JUSTIFY\"><span style=\"color: #000000;\">POEMAS CLUB M, POEMAS SUR, POEMAS ORIENTE<\/span><\/p>\n<p align=\"JUSTIFY\"><img decoding=\"async\" loading=\"lazy\" class=\"wp-image-1715 aligncenter\" src=\"https:\/\/montsearbelojosebafranco.net\/art\/wp-content\/uploads\/2025\/09\/Libros_Montse-Arbelo.jpg\" alt=\"\" width=\"513\" height=\"491\" srcset=\"https:\/\/montsearbelojosebafranco.net\/art\/wp-content\/uploads\/2025\/09\/Libros_Montse-Arbelo.jpg 1000w, https:\/\/montsearbelojosebafranco.net\/art\/wp-content\/uploads\/2025\/09\/Libros_Montse-Arbelo-768x737.jpg 768w\" sizes=\"auto, (max-width: 513px) 100vw, 513px\" \/><\/p>\n<p><span style=\"color: #000000;\">contacto: <a style=\"color: #000000;\" href=\"mailto:montsearbelojosebafranco@gmail.com\" target=\"_blank\" rel=\"noopener\">montsearbelojosebafranco@gmail.com<\/a><\/span><\/p>\n<p>&nbsp;<\/p>\n<p style=\"font-size: small;\" align=\"JUSTIFY\"><img decoding=\"async\" loading=\"lazy\" class=\"aligncenter wp-image-85\" src=\"http:\/\/montsearbelojosebafranco.net\/art\/wp-content\/uploads\/2014\/04\/HUMAN_MontseArbeloJosebaFranco_photo4-620x621.jpg\" alt=\"HUMAN_MontseArbeloJosebaFranco_w4\" width=\"704\" height=\"387\" \/><\/p>\n<p style=\"margin-bottom: 0cm;\" align=\"JUSTIFY\"><span style=\"font-size: small;\">\u00a0<\/span><\/p>\n","protected":false},"excerpt":{"rendered":"<p>\u00a0 Montse Arbelo y Joseba Franco, artistas comprometidos con la innovaci\u00f3n y la cultura del siglo XXI, de amplia trayectoria internacional con exposiciones y proyectos en New York, San Francisco, Beijing, Dubai, Se\u00fal, R\u00edo de Janeiro, Tokio, Kobe, Buenos Aires, &hellip; <a href=\"https:\/\/montsearbelojosebafranco.net\/art\/\">Continuar<\/a><\/p>\n","protected":false},"author":1,"featured_media":0,"parent":0,"menu_order":0,"comment_status":"closed","ping_status":"closed","template":"page-fullwidth.php","meta":{"nf_dc_page":"","footnotes":""},"class_list":["post-4","page","type-page","status-publish","hentry"],"_links":{"self":[{"href":"https:\/\/montsearbelojosebafranco.net\/art\/wp-json\/wp\/v2\/pages\/4","targetHints":{"allow":["GET"]}}],"collection":[{"href":"https:\/\/montsearbelojosebafranco.net\/art\/wp-json\/wp\/v2\/pages"}],"about":[{"href":"https:\/\/montsearbelojosebafranco.net\/art\/wp-json\/wp\/v2\/types\/page"}],"author":[{"embeddable":true,"href":"https:\/\/montsearbelojosebafranco.net\/art\/wp-json\/wp\/v2\/users\/1"}],"replies":[{"embeddable":true,"href":"https:\/\/montsearbelojosebafranco.net\/art\/wp-json\/wp\/v2\/comments?post=4"}],"version-history":[{"count":236,"href":"https:\/\/montsearbelojosebafranco.net\/art\/wp-json\/wp\/v2\/pages\/4\/revisions"}],"predecessor-version":[{"id":1985,"href":"https:\/\/montsearbelojosebafranco.net\/art\/wp-json\/wp\/v2\/pages\/4\/revisions\/1985"}],"wp:attachment":[{"href":"https:\/\/montsearbelojosebafranco.net\/art\/wp-json\/wp\/v2\/media?parent=4"}],"curies":[{"name":"wp","href":"https:\/\/api.w.org\/{rel}","templated":true}]}}