{"id":626,"date":"2014-05-01T04:30:24","date_gmt":"2014-05-01T04:30:24","guid":{"rendered":"http:\/\/montsearbelojosebafranco.net\/art\/?page_id=626"},"modified":"2021-05-03T00:21:13","modified_gmt":"2021-05-03T00:21:13","slug":"virtualreality","status":"publish","type":"page","link":"https:\/\/montsearbelojosebafranco.net\/art\/virtualreality\/","title":{"rendered":"virtual reality"},"content":{"rendered":"<p><img decoding=\"async\" loading=\"lazy\" class=\"aligncenter wp-image-112\" src=\"http:\/\/montsearbelojosebafranco.net\/art\/wp-content\/uploads\/2014\/04\/MontseArbeloJosebaFranco_HumanAllRightsReserved_2-620x499.jpg\" alt=\"MontseArbeloJosebaFranco_HumanAllRightsReserved_2\" width=\"790\" height=\"637\" \/> <img decoding=\"async\" loading=\"lazy\" class=\"aligncenter wp-image-288\" src=\"http:\/\/montsearbelojosebafranco.net\/art\/wp-content\/uploads\/2014\/04\/HumanAll.jpg\" alt=\"HumanAllRightsReserved_MontseArbeloJosebaFranco\" width=\"790\" height=\"505\" \/><\/p>\n<p style=\"margin-bottom: 0cm; text-align: justify;\" align=\"JUSTIFY\"><span style=\"font-family: Verdana,sans-serif; color: #000000;\"><span style=\"font-size: small;\"><strong>HUMAN ALL RIGHTS RESERVED.<\/strong><\/span><\/span><span style=\"color: #000000;\"><span style=\"font-family: Verdana,sans-serif;\"><span style=\"font-size: small;\"> Desarrollo de una retrospecci\u00f3n con evocaci\u00f3n y recapitulaci\u00f3n \u00edntima y reflexiva de la universalidad globalizada, con amplitud y vastedad en la virtualidad transitoria de la diversidad m\u00faltiple, con el compromiso generoso de la imaginaci\u00f3n po\u00e9tica artificial como invenci\u00f3n del individuo protagonista de esta Historia que comienza hace 15.000 millones de a\u00f1os.<\/span><\/span><\/span><\/p>\n<p style=\"margin-bottom: 0cm; text-align: justify;\" align=\"JUSTIFY\"><span style=\"font-family: Verdana,sans-serif; color: #000000;\"><span style=\"font-size: small;\">Nos encontramos entre el Big Bang y el Big Crunch, expansi\u00f3n y contracci\u00f3n del gran cuerpo c\u00f3smico que nos aloja proyect\u00e1ndonos, en una sucesiva superposici\u00f3n de capas, hasta el presente. Pero a pesar de la transversalidad de los conocimientos y de las hip\u00f3tesis que hemos ideado para fundamentar nuestra vida en un contexto universal -parte y todo-, la propia transustanciaci\u00f3n de la realidad impide que la verdad de las cosas se alce ante nosotros n\u00edtidamente. Bien al contrario, necesitamos alimentarnos vorazmente de cuanto nos rodea en un intento, vano, de calmar la fragilidad de nuestra raz\u00f3n de ser y la motivaci\u00f3n de nuestros actos, sin percatarnos de que la ingente cantidad de datos que manejamos, s\u00edntesis del conocimiento humano, son gotas que llenan nuestros cuerpos de concepto y materialidad. Somos polvo de estrellas, nuestra huella es el rastro de identidad. A qui\u00e9n pertenece el ser humano, su imaginario y el universo que lo rodea?. Por si acaso, HUMAN ALL RIGTHS RESERVED. <\/span><\/span><\/p>\n<p style=\"margin-bottom: 0cm; text-align: justify;\" align=\"JUSTIFY\"><span style=\"font-family: Verdana,sans-serif; color: #000000;\"><span style=\"font-size: small;\">Instalaci\u00f3n realidad virtual inmersiva y espacio multiusuario. <span style=\"text-decoration: underline;\"><span style=\"color: #000000;\"><a style=\"color: #000000; text-decoration: underline;\" title=\"human all rights reserved\" href=\"http:\/\/www.montsearbelojosebafranco.net\/HumanAllRightsReserved\/vrlmspace.htm\" target=\"_blank\">Ir al proyecto<\/a> <\/span><\/span><\/span><\/span><\/p>\n","protected":false},"excerpt":{"rendered":"<p>HUMAN ALL RIGHTS RESERVED. Desarrollo de una retrospecci\u00f3n con evocaci\u00f3n y recapitulaci\u00f3n \u00edntima y reflexiva de la universalidad globalizada, con amplitud y vastedad en la virtualidad transitoria de la diversidad m\u00faltiple, con el compromiso generoso de la imaginaci\u00f3n po\u00e9tica artificial &hellip; <a href=\"https:\/\/montsearbelojosebafranco.net\/art\/virtualreality\/\">Continuar<\/a><\/p>\n","protected":false},"author":1,"featured_media":0,"parent":0,"menu_order":0,"comment_status":"closed","ping_status":"closed","template":"page-fullwidth.php","meta":{"nf_dc_page":"","footnotes":""},"class_list":["post-626","page","type-page","status-publish","hentry"],"_links":{"self":[{"href":"https:\/\/montsearbelojosebafranco.net\/art\/wp-json\/wp\/v2\/pages\/626","targetHints":{"allow":["GET"]}}],"collection":[{"href":"https:\/\/montsearbelojosebafranco.net\/art\/wp-json\/wp\/v2\/pages"}],"about":[{"href":"https:\/\/montsearbelojosebafranco.net\/art\/wp-json\/wp\/v2\/types\/page"}],"author":[{"embeddable":true,"href":"https:\/\/montsearbelojosebafranco.net\/art\/wp-json\/wp\/v2\/users\/1"}],"replies":[{"embeddable":true,"href":"https:\/\/montsearbelojosebafranco.net\/art\/wp-json\/wp\/v2\/comments?post=626"}],"version-history":[{"count":35,"href":"https:\/\/montsearbelojosebafranco.net\/art\/wp-json\/wp\/v2\/pages\/626\/revisions"}],"predecessor-version":[{"id":1305,"href":"https:\/\/montsearbelojosebafranco.net\/art\/wp-json\/wp\/v2\/pages\/626\/revisions\/1305"}],"wp:attachment":[{"href":"https:\/\/montsearbelojosebafranco.net\/art\/wp-json\/wp\/v2\/media?parent=626"}],"curies":[{"name":"wp","href":"https:\/\/api.w.org\/{rel}","templated":true}]}}