{"id":78,"date":"2014-04-05T07:24:53","date_gmt":"2014-04-05T07:24:53","guid":{"rendered":"http:\/\/montsearbelojosebafranco.net\/art\/?page_id=78"},"modified":"2021-04-29T09:34:24","modified_gmt":"2021-04-29T09:34:24","slug":"human-nw","status":"publish","type":"page","link":"https:\/\/montsearbelojosebafranco.net\/art\/human-nw\/","title":{"rendered":"human nw"},"content":{"rendered":"<h3><img decoding=\"async\" loading=\"lazy\" class=\"aligncenter wp-image-84\" src=\"http:\/\/montsearbelojosebafranco.net\/art\/wp-content\/uploads\/2014\/04\/HUMAN-NW-620x310.jpg\" alt=\"HUMAN-NW\" width=\"998\" height=\"499\" srcset=\"https:\/\/montsearbelojosebafranco.net\/art\/wp-content\/uploads\/2014\/04\/HUMAN-NW-620x310.jpg 620w, https:\/\/montsearbelojosebafranco.net\/art\/wp-content\/uploads\/2014\/04\/HUMAN-NW-648x324.jpg 648w, https:\/\/montsearbelojosebafranco.net\/art\/wp-content\/uploads\/2014\/04\/HUMAN-NW-628x314.jpg 628w, https:\/\/montsearbelojosebafranco.net\/art\/wp-content\/uploads\/2014\/04\/HUMAN-NW.jpg 684w\" sizes=\"auto, (max-width: 998px) 100vw, 998px\" \/><\/h3>\n<p style=\"margin-bottom: 0cm;\" align=\"JUSTIFY\"><span style=\"font-family: Verdana,sans-serif; color: #333333;\"><span style=\"font-size: small;\"><strong>HUMAN NOT WAR.<\/strong> La risa y el llanto, la vida y la muerte van de la mano, son parte de nuestra cotidianidad. Pero la guerra, la violencia, es una decisi\u00f3n personal cuyo objetivo es conseguir la dominaci\u00f3n del otro. El deseo de imponer la propia cultura a los dem\u00e1s ha sido una constante entre individuos y grupos. Esta situaci\u00f3n se ve agravada constantemente por las diferencias en el control de las tecnolog\u00edas y recursos energ\u00e9ticos&#8230; Las v\u00edctimas son siempre v\u00edctimas y los verdugos, nunca inocentes.<\/span><\/span><\/p>\n<p style=\"margin-bottom: 0cm;\" align=\"JUSTIFY\"><span style=\"font-family: Verdana,sans-serif; color: #333333;\"><span style=\"font-size: small;\">El espectador no tendr\u00e1 un \u00fanico punto de vista, deber\u00e1 discernir y posicionarse, despojarse de su propia identidad para encontrarse con el otro, en los otros, en los miles de protagonistas que dan vida a las im\u00e1genes que le rodean. No puede inhibirse. Pasar\u00e1 a formar parte de esta Historia. <\/span><\/span><\/p>\n<p style=\"margin-bottom: 0cm;\" align=\"JUSTIFY\"><span style=\"font-family: Verdana,sans-serif;\"><span style=\"font-size: small;\"><span style=\"color: #333333;\">\u00a0<\/span><\/span><\/span><\/p>\n<p style=\"margin-bottom: 0cm;\" align=\"JUSTIFY\"><span style=\"font-family: Verdana,sans-serif;\"><span style=\"font-size: small;\"><span style=\"color: #000000;\"><br \/>\n<\/span> <\/span><\/span><\/p>\n","protected":false},"excerpt":{"rendered":"<p>HUMAN NOT WAR. La risa y el llanto, la vida y la muerte van de la mano, son parte de nuestra cotidianidad. Pero la guerra, la violencia, es una decisi\u00f3n personal cuyo objetivo es conseguir la dominaci\u00f3n del otro. El &hellip; <a href=\"https:\/\/montsearbelojosebafranco.net\/art\/human-nw\/\">Continuar<\/a><\/p>\n","protected":false},"author":1,"featured_media":0,"parent":0,"menu_order":0,"comment_status":"closed","ping_status":"closed","template":"page-fullwidth.php","meta":{"nf_dc_page":"","footnotes":""},"class_list":["post-78","page","type-page","status-publish","hentry"],"_links":{"self":[{"href":"https:\/\/montsearbelojosebafranco.net\/art\/wp-json\/wp\/v2\/pages\/78","targetHints":{"allow":["GET"]}}],"collection":[{"href":"https:\/\/montsearbelojosebafranco.net\/art\/wp-json\/wp\/v2\/pages"}],"about":[{"href":"https:\/\/montsearbelojosebafranco.net\/art\/wp-json\/wp\/v2\/types\/page"}],"author":[{"embeddable":true,"href":"https:\/\/montsearbelojosebafranco.net\/art\/wp-json\/wp\/v2\/users\/1"}],"replies":[{"embeddable":true,"href":"https:\/\/montsearbelojosebafranco.net\/art\/wp-json\/wp\/v2\/comments?post=78"}],"version-history":[{"count":57,"href":"https:\/\/montsearbelojosebafranco.net\/art\/wp-json\/wp\/v2\/pages\/78\/revisions"}],"predecessor-version":[{"id":1274,"href":"https:\/\/montsearbelojosebafranco.net\/art\/wp-json\/wp\/v2\/pages\/78\/revisions\/1274"}],"wp:attachment":[{"href":"https:\/\/montsearbelojosebafranco.net\/art\/wp-json\/wp\/v2\/media?parent=78"}],"curies":[{"name":"wp","href":"https:\/\/api.w.org\/{rel}","templated":true}]}}