{"id":987,"date":"2016-05-15T07:27:33","date_gmt":"2016-05-15T07:27:33","guid":{"rendered":"http:\/\/montsearbelojosebafranco.net\/art\/?page_id=987"},"modified":"2022-09-04T11:29:57","modified_gmt":"2022-09-04T11:29:57","slug":"globalnetsi","status":"publish","type":"page","link":"https:\/\/montsearbelojosebafranco.net\/art\/globalnetsi\/","title":{"rendered":"GLOBALNETSI"},"content":{"rendered":"<p style=\"text-align: center;\"><span style=\"color: #000000;\">GLOBAL NET SOCIETY INSTITUTE<\/span><\/p>\n<p style=\"text-align: center;\"><span style=\"color: #ff6600;\"><a style=\"color: #ff6600;\" href=\"http:\/\/www.artechmedia.org\/globalnetsi\/es\/\" target=\"_blank\">entrar<\/a><\/span><\/p>\n<p align=\"JUSTIFY\"><span style=\"color: #000000;\">La visi\u00f3n del GLOBAL NET SOCIETY es convertirse en motor clave en el desarrollo de la sociedad del siglo 21, democr\u00e1tica, global, en red, transversal, creativa, participativa, solidaria e inclusiva, en Espa\u00f1a, Europa y en el mundo, con un impacto positivo en la cultura creativa, cient\u00edfica y tecnol\u00f3gica, en la educaci\u00f3n y en la econom\u00eda del conocimiento, mediante la reflexi\u00f3n compartida, la elaboraci\u00f3n de propuestas y el desarrollo de proyectos transversales que estimulen la colaboraci\u00f3n entre todos los actores de la sociedad ofreciendo recursos y cauces de participaci\u00f3n.<\/span><\/p>\n<p><span style=\"color: #000000;\">\u00a0<\/span><\/p>\n<p><span style=\"color: #000000;\">\u00a0<\/span><\/p>\n<p style=\"text-align: center;\"><img decoding=\"async\" loading=\"lazy\" class=\"alignnone\" src=\"http:\/\/www.artechmedia.org\/globalnetsi\/wp-content\/uploads\/2011\/09\/a1.jpg\" alt=\"GLOBAL NET SOCIETY INSTITUTE\" width=\"1049\" height=\"374\" \/><\/p>\n","protected":false},"excerpt":{"rendered":"<p>GLOBAL NET SOCIETY INSTITUTE entrar La visi\u00f3n del GLOBAL NET SOCIETY es convertirse en motor clave en el desarrollo de la sociedad del siglo 21, democr\u00e1tica, global, en red, transversal, creativa, participativa, solidaria e inclusiva, en Espa\u00f1a, Europa y en &hellip; <a href=\"https:\/\/montsearbelojosebafranco.net\/art\/globalnetsi\/\">Continuar<\/a><\/p>\n","protected":false},"author":1,"featured_media":0,"parent":0,"menu_order":0,"comment_status":"closed","ping_status":"closed","template":"","meta":{"nf_dc_page":"","footnotes":""},"class_list":["post-987","page","type-page","status-publish","hentry"],"_links":{"self":[{"href":"https:\/\/montsearbelojosebafranco.net\/art\/wp-json\/wp\/v2\/pages\/987","targetHints":{"allow":["GET"]}}],"collection":[{"href":"https:\/\/montsearbelojosebafranco.net\/art\/wp-json\/wp\/v2\/pages"}],"about":[{"href":"https:\/\/montsearbelojosebafranco.net\/art\/wp-json\/wp\/v2\/types\/page"}],"author":[{"embeddable":true,"href":"https:\/\/montsearbelojosebafranco.net\/art\/wp-json\/wp\/v2\/users\/1"}],"replies":[{"embeddable":true,"href":"https:\/\/montsearbelojosebafranco.net\/art\/wp-json\/wp\/v2\/comments?post=987"}],"version-history":[{"count":16,"href":"https:\/\/montsearbelojosebafranco.net\/art\/wp-json\/wp\/v2\/pages\/987\/revisions"}],"predecessor-version":[{"id":1315,"href":"https:\/\/montsearbelojosebafranco.net\/art\/wp-json\/wp\/v2\/pages\/987\/revisions\/1315"}],"wp:attachment":[{"href":"https:\/\/montsearbelojosebafranco.net\/art\/wp-json\/wp\/v2\/media?parent=987"}],"curies":[{"name":"wp","href":"https:\/\/api.w.org\/{rel}","templated":true}]}}